{"id":305,"date":"2010-10-17T20:21:31","date_gmt":"2010-10-17T18:21:31","guid":{"rendered":"http:\/\/neu.scl-duemmer.de\/?page_id=305"},"modified":"2025-06-09T15:39:55","modified_gmt":"2025-06-09T13:39:55","slug":"der-hafen","status":"publish","type":"page","link":"https:\/\/scl-duemmer.de\/?page_id=305","title":{"rendered":"Hafen"},"content":{"rendered":"<p style=\"text-align: left;\"><img data-recalc-dims=\"1\" loading=\"lazy\" decoding=\"async\" class=\"ngg-singlepic ngg-none\" src=\"https:\/\/i0.wp.com\/scl-duemmer.de\/wp-content\/gallery\/sonstige\/909B9304.jpg?resize=624%2C416\" alt=\"909B9304\" width=\"624\" height=\"416\"><\/p>\n<p style=\"text-align: left;\">Seit dem Sommer 2012 verf\u00fcgt der Segelclub \u00fcber einen eigenen Hafen. Die Fa. Wald &amp; Welle, die das Campingressort Schoddenhof betreibt, hat den ehemaligen Schoddenhafen aufgegeben und dem SCL den Betrieb einger\u00e4umt.<\/p>\n<p style=\"text-align: left;\">Die Hafenkonstruktion besteht aus 2 Elementen:<\/p>\n<ul>\n<li style=\"text-align: left;\">der herk\u00f6mmliche, trditionelle Steg mit den eingesp\u00fclten Pf\u00e4hlen<\/li>\n<li style=\"text-align: left;\">dem Betonschwimmsteg der gleichzeit als Wellenbrecher ausgebildet ist<\/li>\n<\/ul>\n<p style=\"text-align: left;\">Dem SCL stehen 40 Boxenliegepl\u00e4tze und 11 Landliegepl\u00e4tze f\u00fcr Katamarane und Jollen zur Verf\u00fcgung.<\/p>\n<p style=\"text-align: left;\">Der Kran kann Lasten bis zu 1.800 kg bewegen.<\/p>\n<p>&nbsp;F\u00fcr Gastlieger sind Liegepl\u00e4tze freigehalten, die auch ausw\u00e4rtigen Regattaseglern zur Verf\u00fcgung stehen.<\/p>\n<p>Strom und Wasseranschluss sind an&nbsp;allen Stegreihen vorhanden.<\/p>\n<p><strong>Wir k\u00f6nnen derzeit noch ca. 4 &#8211; 5 Boote in der zweiten Reihe aufnehmen, die erste Reihe ausgebucht ist!<\/strong><\/p>\n","protected":false},"excerpt":{"rendered":"<p>Seit dem Sommer 2012 verf\u00fcgt der Segelclub \u00fcber einen eigenen Hafen. Die Fa. Wald &amp; Welle, die das Campingressort Schoddenhof betreibt, hat den ehemaligen Schoddenhafen aufgegeben und dem SCL den Betrieb einger\u00e4umt. Die Hafenkonstruktion besteht aus 2 Elementen: der herk\u00f6mmliche,<\/p>\n","protected":false},"author":3,"featured_media":0,"parent":0,"menu_order":0,"comment_status":"closed","ping_status":"open","template":"","meta":{"_crdt_document":"","ngg_post_thumbnail":0,"jetpack_post_was_ever_published":false,"footnotes":""},"class_list":["post-305","page","type-page","status-publish","hentry"],"aioseo_notices":[],"jetpack_sharing_enabled":true,"jetpack_shortlink":"https:\/\/wp.me\/P8NGpu-4V","jetpack-related-posts":[],"jetpack_likes_enabled":true,"_links":{"self":[{"href":"https:\/\/scl-duemmer.de\/index.php?rest_route=\/wp\/v2\/pages\/305","targetHints":{"allow":["GET"]}}],"collection":[{"href":"https:\/\/scl-duemmer.de\/index.php?rest_route=\/wp\/v2\/pages"}],"about":[{"href":"https:\/\/scl-duemmer.de\/index.php?rest_route=\/wp\/v2\/types\/page"}],"author":[{"embeddable":true,"href":"https:\/\/scl-duemmer.de\/index.php?rest_route=\/wp\/v2\/users\/3"}],"replies":[{"embeddable":true,"href":"https:\/\/scl-duemmer.de\/index.php?rest_route=%2Fwp%2Fv2%2Fcomments&post=305"}],"version-history":[{"count":2,"href":"https:\/\/scl-duemmer.de\/index.php?rest_route=\/wp\/v2\/pages\/305\/revisions"}],"predecessor-version":[{"id":2556,"href":"https:\/\/scl-duemmer.de\/index.php?rest_route=\/wp\/v2\/pages\/305\/revisions\/2556"}],"wp:attachment":[{"href":"https:\/\/scl-duemmer.de\/index.php?rest_route=%2Fwp%2Fv2%2Fmedia&parent=305"}],"curies":[{"name":"wp","href":"https:\/\/api.w.org\/{rel}","templated":true}]}}