{"id":27,"date":"2010-07-28T11:57:56","date_gmt":"2010-07-28T09:57:56","guid":{"rendered":"http:\/\/neu.scl-duemmer.de\/?page_id=27"},"modified":"2026-02-07T15:33:55","modified_gmt":"2026-02-07T13:33:55","slug":"termine","status":"publish","type":"page","link":"https:\/\/scl-duemmer.de\/?page_id=27","title":{"rendered":"Termine 2026"},"content":{"rendered":"<p>&nbsp;<\/p>\n<table style=\"width: 80.1273%; height: 536px;\" width=\"974\">\n<tbody>\n<tr style=\"height: 66px;\">\n<td style=\"height: 45px; width: 13.0106%;\" width=\"90\"><strong>Datum<\/strong><\/td>\n<td style=\"height: 45px; width: 9.22844%;\" width=\"66\"><strong>Tag<\/strong><\/td>\n<td style=\"height: 45px; width: 11.9516%;\" width=\"85\"><strong>Uhrzeit<\/strong><\/td>\n<td style=\"height: 45px; width: 63.9939%;\" width=\"733\">\n<h4>Veranstaltung<\/h4>\n<\/td>\n<\/tr>\n<tr style=\"height: 23px;\">\n<td style=\"height: 23px; width: 13.0106%;\" width=\"90\">22.02.<\/td>\n<td style=\"height: 23px; width: 9.22844%;\" width=\"66\">So<\/td>\n<td style=\"height: 23px; width: 11.9516%;\" width=\"85\">10:30<\/td>\n<td style=\"height: 23px; width: 63.9939%;\" width=\"733\">JHV im Tiermanns Hotel, Stemshorn, anschl. Gr\u00fcnkohlessen<\/td>\n<\/tr>\n<tr style=\"height: 23px;\">\n<td style=\"height: 23px; width: 13.0106%;\" width=\"90\">11.04.<\/td>\n<td style=\"height: 23px; width: 9.22844%;\" width=\"66\">Sa<\/td>\n<td style=\"height: 23px; width: 11.9516%;\" width=\"85\">14:00<\/td>\n<td style=\"height: 23px; width: 63.9939%;\" width=\"733\">Arbeitsdienst<\/td>\n<\/tr>\n<tr style=\"height: 23px;\">\n<td style=\"height: 23px; width: 13.0106%;\" width=\"90\">09.05.<\/td>\n<td style=\"height: 23px; width: 9.22844%;\" width=\"66\">Sa<\/td>\n<td style=\"height: 23px; width: 11.9516%;\" width=\"85\">14:00<\/td>\n<td style=\"height: 23px; width: 63.9939%;\" width=\"733\">Ansegeln<\/td>\n<\/tr>\n<tr style=\"height: 23px;\">\n<td style=\"height: 23px; width: 13.0106%;\" width=\"90\">24.05.<\/td>\n<td style=\"height: 23px; width: 9.22844%;\" width=\"66\">So<\/td>\n<td style=\"height: 23px; width: 11.9516%;\" width=\"85\">10:55<\/td>\n<td style=\"height: 23px; width: 63.9939%;\" width=\"733\">Pfingstwettfahrt der WGD (die L\u00e4ufe z\u00e4hlen auch f\u00fcr die Clubmeisterschaft)<\/td>\n<\/tr>\n<tr style=\"height: 23px;\">\n<td style=\"height: 23px; width: 13.0106%;\" width=\"90\">06.06.<\/td>\n<td style=\"height: 23px; width: 9.22844%;\" width=\"66\">Sa<\/td>\n<td style=\"height: 23px; width: 11.9516%;\" width=\"85\">&nbsp;<\/td>\n<td style=\"height: 23px; width: 63.9939%;\" width=\"733\">Steinhuder Meer Rund: der SCL m\u00f6chte das Nebelhorn&nbsp; gewinnen<\/td>\n<\/tr>\n<tr style=\"height: 23px;\">\n<td style=\"height: 23px; width: 13.0106%;\" width=\"90\">20.06.<\/td>\n<td style=\"height: 23px; width: 9.22844%;\" width=\"66\">Sa<\/td>\n<td style=\"height: 23px; width: 11.9516%;\" width=\"85\">18:00<\/td>\n<td style=\"height: 23px; width: 63.9939%;\" width=\"733\">Sommersonnenwende: Party am Betriebsgeb\u00e4ude&nbsp;<\/td>\n<\/tr>\n<tr style=\"height: 23px;\">\n<td style=\"height: 23px; width: 13.0106%;\" width=\"90\">11.07.<\/td>\n<td style=\"height: 23px; width: 9.22844%;\" width=\"66\">Sa&nbsp;<\/td>\n<td style=\"height: 23px; width: 11.9516%;\" width=\"85\">11:00<\/td>\n<td style=\"height: 23px; width: 63.9939%;\" width=\"733\">Laser Matchrace mit abendlichem Ausklang (auch f\u00fcr Zuschauer) am Vereinsheim<\/td>\n<\/tr>\n<tr style=\"height: 119px;\">\n<td style=\"height: 119px; width: 13.0106%;\" width=\"90\">14.08 bis 16.08.&nbsp; &nbsp; &nbsp;&nbsp;<\/td>\n<td style=\"height: 119px; width: 9.22844%;\" width=\"90\">Fr\/Sa\/So<\/td>\n<td style=\"height: 119px; width: 11.9516%;\" width=\"90\">12:00<\/td>\n<td style=\"height: 119px; width: 63.9939%;\" width=\"90\">Arbeitsdienst: Vor (alles aufbauen am Freitag), w\u00e4hrend (Bierwagen und Essen ausgeben) und nach der Jekami (alles aufr\u00e4umen und wieder wegschaffen) brauchen wir Hilfe.<\/td>\n<\/tr>\n<tr style=\"height: 23px;\">\n<td style=\"height: 23px; width: 13.0106%;\" width=\"90\">15.\/16.08.<\/td>\n<td style=\"height: 23px; width: 9.22844%;\" width=\"66\">Sa \/ So<\/td>\n<td style=\"height: 23px; width: 11.9516%;\" width=\"85\">&nbsp;<\/td>\n<td style=\"height: 23px; width: 63.9939%;\" width=\"733\">Jekami (die L\u00e4ufe z\u00e4hlen auch f\u00fcr die Clubmeisterschaft)<\/td>\n<\/tr>\n<tr style=\"height: 95px;\">\n<td style=\"height: 95px; width: 13.0106%;\" width=\"90\">12.09.<\/td>\n<td style=\"height: 95px; width: 9.22844%;\" width=\"66\">Sa<\/td>\n<td style=\"height: 95px; width: 11.9516%;\" width=\"85\">11:00<\/td>\n<td style=\"height: 95px; width: 63.9939%;\" width=\"733\">SGB:&nbsp; 11:00 Uhr Segeln (der Lauf z\u00e4hlt auch f\u00fcr die Clubmeisterschaft), 14:00 Uhr Mini-Golfen, 16:00 Uhr Boulen am Strand und ab 19:00 Uhr Siegerehrung<\/td>\n<\/tr>\n<tr style=\"height: 23px;\">\n<td style=\"height: 23px; width: 13.0106%;\" width=\"90\">19.09.<\/td>\n<td style=\"height: 23px; width: 9.22844%;\" width=\"66\">Sa<\/td>\n<td style=\"height: 23px; width: 11.9516%;\" width=\"85\">13:00<\/td>\n<td style=\"height: 23px; width: 63.9939%;\" width=\"733\">Herbstsegeln (als Ersatz f\u00fcr das Absegeln im Oktober)<\/td>\n<\/tr>\n<tr style=\"height: 47px;\">\n<td style=\"height: 47px; width: 13.0106%;\" width=\"90\">24.10.<\/td>\n<td style=\"height: 47px; width: 9.22844%;\" width=\"66\">Sa<\/td>\n<td style=\"height: 47px; width: 11.9516%;\" width=\"85\">11:00<\/td>\n<td style=\"height: 47px; width: 63.9939%;\" width=\"733\">Saisonabschluss:11 Uhr Arbeitseinsatz; 19 Uhr Abschlussabend mit Essen und Siegerehrung zur Clubmeisterschaft.<\/td>\n<\/tr>\n<tr style=\"height: 23px;\">\n<td style=\"height: 23px; width: 13.0106%;\" width=\"90\">13.12.<\/td>\n<td style=\"height: 23px; width: 9.22844%;\" width=\"66\">So<\/td>\n<td style=\"height: 23px; width: 11.9516%;\" width=\"85\">14:00&nbsp;&nbsp;&nbsp;&nbsp;&nbsp;<\/td>\n<td style=\"height: 23px; width: 63.9939%;\" width=\"733\">Weihnachtsfeier in Tiemann`s Hotel in Stemshorn am 2. Advent<\/td>\n<\/tr>\n<\/tbody>\n<\/table>\n","protected":false},"excerpt":{"rendered":"<p>&nbsp; Datum Tag Uhrzeit Veranstaltung 22.02. So 10:30 JHV im Tiermanns Hotel, Stemshorn, anschl. Gr\u00fcnkohlessen 11.04. Sa 14:00 Arbeitsdienst 09.05. Sa 14:00 Ansegeln 24.05. So 10:55 Pfingstwettfahrt der WGD (die L\u00e4ufe z\u00e4hlen auch f\u00fcr die Clubmeisterschaft) 06.06. Sa &nbsp; Steinhuder<\/p>\n","protected":false},"author":3,"featured_media":0,"parent":0,"menu_order":1,"comment_status":"closed","ping_status":"open","template":"","meta":{"_crdt_document":"","ngg_post_thumbnail":0,"jetpack_post_was_ever_published":false,"footnotes":""},"class_list":["post-27","page","type-page","status-publish","hentry"],"aioseo_notices":[],"jetpack_sharing_enabled":true,"jetpack_shortlink":"https:\/\/wp.me\/P8NGpu-r","jetpack-related-posts":[],"jetpack_likes_enabled":true,"_links":{"self":[{"href":"https:\/\/scl-duemmer.de\/index.php?rest_route=\/wp\/v2\/pages\/27","targetHints":{"allow":["GET"]}}],"collection":[{"href":"https:\/\/scl-duemmer.de\/index.php?rest_route=\/wp\/v2\/pages"}],"about":[{"href":"https:\/\/scl-duemmer.de\/index.php?rest_route=\/wp\/v2\/types\/page"}],"author":[{"embeddable":true,"href":"https:\/\/scl-duemmer.de\/index.php?rest_route=\/wp\/v2\/users\/3"}],"replies":[{"embeddable":true,"href":"https:\/\/scl-duemmer.de\/index.php?rest_route=%2Fwp%2Fv2%2Fcomments&post=27"}],"version-history":[{"count":3,"href":"https:\/\/scl-duemmer.de\/index.php?rest_route=\/wp\/v2\/pages\/27\/revisions"}],"predecessor-version":[{"id":2604,"href":"https:\/\/scl-duemmer.de\/index.php?rest_route=\/wp\/v2\/pages\/27\/revisions\/2604"}],"wp:attachment":[{"href":"https:\/\/scl-duemmer.de\/index.php?rest_route=%2Fwp%2Fv2%2Fmedia&parent=27"}],"curies":[{"name":"wp","href":"https:\/\/api.w.org\/{rel}","templated":true}]}}