{"id":2180,"date":"2021-07-14T11:16:20","date_gmt":"2021-07-14T09:16:20","guid":{"rendered":"https:\/\/scl-duemmer.de\/?page_id=2180"},"modified":"2026-02-07T15:27:40","modified_gmt":"2026-02-07T13:27:40","slug":"jekami-2021-reloaded","status":"publish","type":"page","link":"https:\/\/scl-duemmer.de\/?page_id=2180","title":{"rendered":"JEKAMI 2026"},"content":{"rendered":"<div class=\"twoclick_social_bookmarks_post_2180 social_share_privacy clearfix 1.6.4 locale-de_DE sprite-de_DE\"><\/div><div class=\"twoclick-js\"><script type=\"text\/javascript\">\/* <![CDATA[ *\/\njQuery(document).ready(function($){if($('.twoclick_social_bookmarks_post_2180')){$('.twoclick_social_bookmarks_post_2180').socialSharePrivacy({\"services\":{\"facebook\":{\"status\":\"on\",\"txt_info\":\"2 Klicks f\\u00fcr mehr Datenschutz: Erst wenn Sie hier klicken, wird der Button aktiv und Sie k\\u00f6nnen Ihre Empfehlung an Facebook senden. Schon beim Aktivieren werden Daten an Dritte \\u00fcbertragen - siehe <em>i<\\\/em>.\",\"perma_option\":\"off\",\"action\":\"recommend\",\"language\":\"de_DE\"}},\"txt_help\":\"Wenn Sie diese Felder durch einen Klick aktivieren, werden Informationen an Facebook, Twitter, Flattr, Xing, t3n, LinkedIn, Pinterest oder Google eventuell ins Ausland \\u00fcbertragen und unter Umst\\u00e4nden auch dort gespeichert. N\\u00e4heres erfahren Sie durch einen Klick auf das <em>i<\\\/em>.\",\"settings_perma\":\"Dauerhaft aktivieren und Daten\\u00fcber-tragung zustimmen:\",\"info_link\":\"http:\\\/\\\/www.heise.de\\\/ct\\\/artikel\\\/2-Klicks-fuer-mehr-Datenschutz-1333879.html\",\"uri\":\"https:\\\/\\\/scl-duemmer.de\\\/?page_id=2180\",\"post_id\":2180,\"post_title_referrer_track\":\"JEKAMI+2026\",\"display_infobox\":\"on\"});}});\n\/* ]]> *\/<\/script><\/div><p style=\"text-align: left;\"><span style=\"font-size: 36pt;\"><span style=\"font-family: Arial;\"><span style=\"color: #365da0;\"><strong>Die<\/strong><\/span><\/span><span style=\"font-family: Arial;\"><span style=\"color: #365da0;\"><strong><em> 36. JeKaMi <\/em><\/strong><\/span><\/span><span style=\"font-family: Arial;\"><span style=\"color: #365da0;\"><strong>2026<\/strong><\/span><\/span><\/span><\/p>\n<p style=\"text-align: center;\"><span style=\"font-family: Arial;\"><span style=\"font-size: large;\"><span style=\"color: #365da0;\"><strong><em>&nbsp;<\/em><\/strong><\/span><\/span><\/span><\/p>\n<p><span style=\"font-family: Arial;\"><span style=\"font-size: large;\"><span style=\"color: #365da0;\"><strong><em>JeKaMi<\/em><\/strong><\/span><\/span><\/span><span style=\"font-family: Arial;\"><span style=\"font-size: large;\"><span style=\"color: #365da0;\"><strong> das hei\u00dft: <\/strong><\/span><\/span><\/span><\/p>\n<p><span style=\"font-family: Arial;\"><span style=\"font-size: large;\"><span style=\"color: #365da0;\"><strong><em>Je<\/em><\/strong><\/span><\/span><\/span><span style=\"font-family: Arial;\"><span style=\"font-size: large;\"><span style=\"color: #365da0;\"><strong>der <\/strong><\/span><\/span><\/span><span style=\"font-family: Arial;\"><span style=\"font-size: large;\"><span style=\"color: #365da0;\"><strong><em>ka<\/em><\/strong><\/span><\/span><\/span><span style=\"font-family: Arial;\"><span style=\"font-size: large;\"><span style=\"color: #365da0;\"><strong>nn <\/strong><\/span><\/span><\/span><span style=\"font-family: Arial;\"><span style=\"font-size: large;\"><span style=\"color: #365da0;\"><strong><em>mi<\/em><\/strong><\/span><\/span><\/span><span style=\"font-family: Arial;\"><span style=\"font-size: large;\"><span style=\"color: #365da0;\"><strong>tsegeln!<br \/>\nDies ist die offene D\u00fcmmerregatta<br \/>\nf\u00fcr alle Klassen.<\/strong><\/span><\/span><\/span><\/p>\n<p><span style=\"font-family: Arial;\"><span style=\"font-size: medium;\"><strong>Am 15.08. und 16.08.2026<\/strong><\/span><\/span><span style=\"font-family: Arial;\"><span style=\"font-size: medium;\"><br \/>\n1.Start: 14.00 Uhr<\/span><\/span><\/p>\n<p>Es sind bis zu 3 Wettfahrten im Up &amp; Down &#8211; Modus geplant. Es gelten die Segelanweisungen des D\u00fcmmerjahrbuchs 2026.<\/p>\n<ul>\n<li><strong>Es werden nur Onlinemeldungen angenommen: <\/strong><\/li>\n<li>Meldung <a href=\"https:\/\/www.manage2sail.com\/ch\/event\/3f4bca36-906d-4efd-a625-046d49fbd86c#!\/\">Manage2Sail<\/a><\/li>\n<li>Das Regattab\u00fcro ist nicht besetzt.<\/li>\n<li>Das Meldegeld ist bis Mittwoch, 07.08.2026 zu \u00fcberweisen an :<br \/>\nWettfahrtgemeinschaft D\u00fcmmer e.V.&nbsp; &nbsp;&#8212;&nbsp; &nbsp;KSK Diepholz<br \/>\nIBAN: DE26 2565 1325 0020 0766 75&nbsp; &#8212;&nbsp; Vermerk: Jekami 26, Bootsnamen u. Segelnummer&nbsp; &nbsp; &nbsp; &nbsp; &nbsp; &nbsp; &nbsp; &nbsp; &nbsp; &nbsp; &nbsp; &nbsp;<\/li>\n<\/ul>\n<ul>\n<li><strong><span style=\"color: #333399;\">Liegt kein Zahlungseingang vor, werden die entsprechenden Boote nicht gewertet<\/span><\/strong><\/li>\n<li>Die Steuerleutebesprechung findet am Samstag, 15.08.26 um 12:00Uhr am Hafenkran statt<\/li>\n<\/ul>\n<p><span style=\"color: #333399;\"><strong style=\"font-size: medium; font-family: Arial;\">Am Samstagabend findet der traditionelle Seglerhock mit Matjesessen und Getr\u00e4nken statt.&nbsp;<\/strong><\/span><\/p>\n<ul>\n<li><strong><strong>Meldegeld:<\/strong><\/strong>&nbsp; &nbsp; &nbsp; &nbsp;je Erwachsener pro Boot. . . . . . . . . .. . . . . . .20,00 \u20ac&nbsp; &nbsp; &nbsp; &nbsp; &nbsp; &nbsp; je Jugendliche pro Boot (bis 16 Jahre) . . . . . 12,00 \u20ac<\/li>\n<li><strong>&nbsp; &nbsp; &nbsp; &nbsp; &nbsp;Meldeschluss:&nbsp; &nbsp; &nbsp; 10.08.2026<\/strong><\/li>\n<li>Proteste, insbesondere YS_Wertung, werden nicht angenommen! Wir setzten faires, kameradschaftliches Segeln voraus.<\/li>\n<\/ul>\n<p><span style=\"font-family: Arial; color: #333399;\"><span style=\"font-size: large;\"><span style=\"font-size: medium;\"><strong>Am Sonntag werden auf dem Au\u00dfengel\u00e4nde des Clubhauses, ca. 1,5 Stunden nach Zieldurchgang des letzten Schiffes,&nbsp; die Sonderpokale gem. D\u00fcmmerjahrbuch sowie Erinnerungsgaben f\u00fcr die Teilnehmer vergeben.<\/strong><\/span><\/span><\/span><\/p>\n<p><span style=\"font-family: Arial;\"><span style=\"font-size: medium;\"><span style=\"color: #365da0;\"><strong><span style=\"color: #333399;\">Clubhaus und Regattab\u00fcro sind nicht besetzt!<\/span><br \/>\n<\/strong><\/span><\/span><\/span><span style=\"font-family: Arial;\"><span style=\"font-size: medium;\"><span style=\"color: #365da0;\"><strong><br \/>\n<\/strong><\/span><\/span><\/span><\/p>\n<p>&nbsp;<\/p>\n","protected":false},"excerpt":{"rendered":"<p>Die 36. JeKaMi 2026 &nbsp; JeKaMi das hei\u00dft: Jeder kann mitsegeln! Dies ist die offene D\u00fcmmerregatta f\u00fcr alle Klassen. Am 15.08. und 16.08.2026 1.Start: 14.00 Uhr Es sind bis zu 3 Wettfahrten im Up &amp; Down &#8211; Modus geplant. Es<\/p>\n","protected":false},"author":3,"featured_media":0,"parent":0,"menu_order":0,"comment_status":"closed","ping_status":"closed","template":"","meta":{"_crdt_document":"","ngg_post_thumbnail":0,"footnotes":""},"class_list":["post-2180","page","type-page","status-publish","hentry"],"aioseo_notices":[],"jetpack_sharing_enabled":true,"jetpack_shortlink":"https:\/\/wp.me\/P8NGpu-za","jetpack-related-posts":[],"jetpack_likes_enabled":true,"_links":{"self":[{"href":"https:\/\/scl-duemmer.de\/index.php?rest_route=\/wp\/v2\/pages\/2180","targetHints":{"allow":["GET"]}}],"collection":[{"href":"https:\/\/scl-duemmer.de\/index.php?rest_route=\/wp\/v2\/pages"}],"about":[{"href":"https:\/\/scl-duemmer.de\/index.php?rest_route=\/wp\/v2\/types\/page"}],"author":[{"embeddable":true,"href":"https:\/\/scl-duemmer.de\/index.php?rest_route=\/wp\/v2\/users\/3"}],"replies":[{"embeddable":true,"href":"https:\/\/scl-duemmer.de\/index.php?rest_route=%2Fwp%2Fv2%2Fcomments&post=2180"}],"version-history":[{"count":7,"href":"https:\/\/scl-duemmer.de\/index.php?rest_route=\/wp\/v2\/pages\/2180\/revisions"}],"predecessor-version":[{"id":2602,"href":"https:\/\/scl-duemmer.de\/index.php?rest_route=\/wp\/v2\/pages\/2180\/revisions\/2602"}],"wp:attachment":[{"href":"https:\/\/scl-duemmer.de\/index.php?rest_route=%2Fwp%2Fv2%2Fmedia&parent=2180"}],"curies":[{"name":"wp","href":"https:\/\/api.w.org\/{rel}","templated":true}]}}