{"id":2,"date":"2010-04-23T15:30:04","date_gmt":"2010-04-23T13:30:04","guid":{"rendered":"http:\/\/neu.scl-duemmer.de\/?page_id=2"},"modified":"2025-06-09T15:44:49","modified_gmt":"2025-06-09T13:44:49","slug":"impressum-2","status":"publish","type":"page","link":"https:\/\/scl-duemmer.de\/?page_id=2","title":{"rendered":"Impressum"},"content":{"rendered":"<table style=\"width: 85%; height: 554px;\" border=\"0\" width=\"85%\" align=\"center\">\n<tbody>\n<tr style=\"height: 304px;\">\n<td style=\"height: 304px;\" valign=\"top\"><span style=\"font-family: Verdana;\"><span style=\"color: #000000;\"><strong><span style=\"font-size: small;\">Segelclub<\/span><\/strong> <strong><span style=\"font-size: small;\">Lembruch e.V.<\/span><\/strong><span style=\"font-size: small;\"><strong> &#8211; SCL &#8211;<\/strong><\/span><\/span><\/span><span style=\"font-family: Verdana;\"><span style=\"font-size: small;\"><strong>Sitz des Vereins ist Lembruch<\/strong><\/span><\/span><\/p>\n<div><span style=\"font-family: Verdana;\"><span style=\"color: #000000;\"><strong><span style=\"font-size: small;\">Morten H\u00e4ger<\/span><\/strong><span style=\"font-size: small;\"><br \/>\n<\/span><strong><span style=\"font-size: small;\">1. Vorsitzender<\/span><\/strong><span style=\"font-size: small;\"><br \/>\nK\u00f6nigsberger Str. 14<\/span><\/span><\/span><\/div>\n<div>\n<p><span style=\"font-family: Verdana;\"><span style=\"color: #000000;\"><span style=\"font-size: small;\">49525 Lengerich<\/span><\/span><\/span><\/p>\n<p>&nbsp;<\/p>\n<\/div>\n<div>&nbsp;<\/div>\n<div><span style=\"font-family: Verdana;\"><span style=\"color: #191970;\"><span style=\"font-size: small;\">&nbsp;<\/span><\/span><\/span><\/div>\n<div><strong style=\"font-family: inherit; font-size: inherit;\">Das Vereinsregisternummer:<\/strong><span style=\"font-family: inherit; font-size: small;\"> VR 200242 beim Amtsgericht Walsrode<\/span><\/div>\n<div><span style=\"font-size: small;\">&nbsp;<\/span><\/div>\n<\/td>\n<\/tr>\n<tr style=\"height: 250px;\">\n<td style=\"height: 250px;\" valign=\"top\"><span style=\"font-family: Verdana;\"><span style=\"color: #000000;\"><span style=\"font-size: x-small;\">Copyright &amp; Haftungsausschlu\u00df<\/span><\/span><\/span><span style=\"font-family: Verdana;\"><span style=\"color: #000000;\"><span style=\"font-size: x-small;\"><br \/>\nAuf alle auf diesem Server verf\u00fcgbaren Dokumente, Grafiken und Softwarearchive besitzt, soweit nicht anders angegeben, der SCL ein Copyright. Sie d\u00fcrfen den Inhalt dieser Website nur f\u00fcr informative und nichtkommerzielle Zwecke verwenden. Eine Modifizierung und\/oder Verwendung ohne den Copyrighthinweis auf den SCL ist nicht zul\u00e4\u00dfig.<br \/>\nDieSegelclub und\/oder Ihre Partner \u00fcbernehmen keine Haftung f\u00fcr die auf diesen Seiten gemachten Angaben und Informationen. Der Segelclub und\/oder einer Ihrer Partner kann nicht haftbar gemacht werden, f\u00fcr Sch\u00e4den, Folgesch\u00e4den oder sonstige Sch\u00e4den die aus Nutzungsausfall, Verlust von Daten oder entgangenem Gewinn resultieren.<br \/>\nWir \u00fcbernehmen keinerlei Haftung f\u00fcr Seiten, die durch einen Link auf unseren Seiten erreichbar sind. Nat\u00fcrlich haben wir uns beim Einbau der Links davon \u00fcberzeugt, da\u00df diese Seiten einen gesetzm\u00e4\u00dfigen Inhalt haben, und zu unseren Produkten passen. Da sich dies jedoch \u00e4ndern k\u00f6nnte, lehnen wir jegliche Haftung ab. Wir bitten jedoch um Information, falls Sie durch einen solchen Link ungesetzliche, gegen die W\u00fcrde des Menschen versto\u00dfende, gewaltverherrlichende oder volksverhetzende Inhalte finden sollten.<br \/>\nDie auf diesem Server ver\u00f6ffentlichten Dokumente, Bilder und Softwarearchive k\u00f6nnen technische Ungenauigkeiten und typografische Fehler enthalten. Der SCL beh\u00e4lt sich vor, jederzeit \u00c4nderungen und\/oder Verbesserungen an den hier beschriebenen Dingen und\/oder Programmen vorzunehmen.<\/span><\/span><\/span><\/td>\n<\/tr>\n<\/tbody>\n<\/table>\n<p><span style=\"color: #191970;\"><span style=\"font-family: Verdana;\"><span style=\"font-size: xx-small;\">(C) 2010 Copyright: Webmaster, Rainer Altvater <a href=\"mailto:scl@scl-duemmer.de\">scl@scl-duemmer.de<\/a><\/span><\/span><\/span><\/p>\n","protected":false},"excerpt":{"rendered":"<p>Segelclub Lembruch e.V. &#8211; SCL &#8211;Sitz des Vereins ist Lembruch Morten H\u00e4ger 1. Vorsitzender K\u00f6nigsberger Str. 14 49525 Lengerich &nbsp; &nbsp; &nbsp; Das Vereinsregisternummer: VR 200242 beim Amtsgericht Walsrode &nbsp; Copyright &amp; Haftungsausschlu\u00df Auf alle auf diesem Server verf\u00fcgbaren Dokumente,<\/p>\n","protected":false},"author":3,"featured_media":0,"parent":0,"menu_order":5,"comment_status":"closed","ping_status":"open","template":"","meta":{"_crdt_document":"","ngg_post_thumbnail":0,"jetpack_post_was_ever_published":false,"footnotes":""},"class_list":["post-2","page","type-page","status-publish","hentry"],"aioseo_notices":[],"jetpack_sharing_enabled":true,"jetpack_shortlink":"https:\/\/wp.me\/P8NGpu-2","jetpack-related-posts":[],"jetpack_likes_enabled":true,"_links":{"self":[{"href":"https:\/\/scl-duemmer.de\/index.php?rest_route=\/wp\/v2\/pages\/2","targetHints":{"allow":["GET"]}}],"collection":[{"href":"https:\/\/scl-duemmer.de\/index.php?rest_route=\/wp\/v2\/pages"}],"about":[{"href":"https:\/\/scl-duemmer.de\/index.php?rest_route=\/wp\/v2\/types\/page"}],"author":[{"embeddable":true,"href":"https:\/\/scl-duemmer.de\/index.php?rest_route=\/wp\/v2\/users\/3"}],"replies":[{"embeddable":true,"href":"https:\/\/scl-duemmer.de\/index.php?rest_route=%2Fwp%2Fv2%2Fcomments&post=2"}],"version-history":[{"count":3,"href":"https:\/\/scl-duemmer.de\/index.php?rest_route=\/wp\/v2\/pages\/2\/revisions"}],"predecessor-version":[{"id":2561,"href":"https:\/\/scl-duemmer.de\/index.php?rest_route=\/wp\/v2\/pages\/2\/revisions\/2561"}],"wp:attachment":[{"href":"https:\/\/scl-duemmer.de\/index.php?rest_route=%2Fwp%2Fv2%2Fmedia&parent=2"}],"curies":[{"name":"wp","href":"https:\/\/api.w.org\/{rel}","templated":true}]}}