{"id":1750,"date":"2019-01-12T13:47:32","date_gmt":"2019-01-12T11:47:32","guid":{"rendered":"http:\/\/scl-duemmer.de\/?page_id=1750"},"modified":"2025-06-09T15:38:29","modified_gmt":"2025-06-09T13:38:29","slug":"clubhaus","status":"publish","type":"page","link":"https:\/\/scl-duemmer.de\/?page_id=1750","title":{"rendered":"Clubhaus"},"content":{"rendered":"<p style=\"text-align: center;\"><span style=\"font-family: verdana, geneva, sans-serif;\"><strong>Endlich im eigenen Heim!<\/strong><\/span><\/p>\n<figure style=\"width: 529px\" class=\"wp-caption aligncenter\"><a href=\"http:\/\/Clubhaus-2018.scl-duemmer.de\"><img data-recalc-dims=\"1\" loading=\"lazy\" decoding=\"async\" class=\"ngg-singlepic ngg-center\" src=\"https:\/\/i0.wp.com\/scl-duemmer.de\/wp-content\/gallery\/sonstige\/01345a48eb3f5235be6ad57b6fd93bcc02355e0140.jpg?resize=529%2C386\" alt=\"01345a48eb3f5235be6ad57b6fd93bcc02355e0140\" width=\"529\" height=\"386\"><\/a><figcaption class=\"wp-caption-text\">klicke ins Bild um zur Fotoshow zu kommen<\/figcaption><\/figure>\n<p>&nbsp;<\/p>\n<p><span style=\"font-family: verdana, geneva, sans-serif;\">Im September 2017 erhielt der SCL die Nachricht, dass die Schodden-Villa, die bislang als Clubheim diente, im Rahmen des Marissa Ferienparkprojekts abgerissen werden sollte. Am Saisonabschlussabend im Oktober, dem die Auszugsaktion voraus gegangen war, beauftragten die zahlreich anwesenden Mitglieder den Vorstand, das vorgestellte Neubauprojekt Entscheidungsreif zur n\u00e4chsten ordentlichen Hauptversammlung vorzubereiten.<\/span><\/p>\n<p><span style=\"font-family: verdana, geneva, sans-serif;\">Diese fand im Februar 2018 statt und das Projekt wurde einstimmig auf den Weg gebracht.&nbsp; Die Vorgaben lauteten: &#8222;kein Geld aufnehmen, bedarfsgerecht bauen und trotzdem schick gestalten!&#8220;<\/span><\/p>\n<p><span style=\"font-family: verdana, geneva, sans-serif;\">Da ganz viele Mitglieder beim Aufbau halfen &#8211; das Projekt wurde quasi komplett mit Eigenleistungen realisiert &#8211; konnte im August schon die j\u00e4hrliche JeKaMi-Regatta im und rund ums neue Geb\u00e4ude durchgef\u00fchrt worden.&nbsp;<\/span><\/p>\n<p><span style=\"font-family: verdana, geneva, sans-serif;\">Zum Saisonabschlussabend im Oktober 2018 war das Projekt abgeschlossen: Terminplan und Kosten passten und alle sind ziemlich stolz auf ihre Leistung!<\/span><\/p>\n<p>&nbsp;<\/p>\n","protected":false},"excerpt":{"rendered":"<p>Endlich im eigenen Heim! &nbsp; Im September 2017 erhielt der SCL die Nachricht, dass die Schodden-Villa, die bislang als Clubheim diente, im Rahmen des Marissa Ferienparkprojekts abgerissen werden sollte. Am Saisonabschlussabend im Oktober, dem die Auszugsaktion voraus gegangen war, beauftragten<\/p>\n","protected":false},"author":3,"featured_media":0,"parent":0,"menu_order":0,"comment_status":"closed","ping_status":"closed","template":"","meta":{"_crdt_document":"","ngg_post_thumbnail":0,"jetpack_post_was_ever_published":false,"footnotes":""},"class_list":["post-1750","page","type-page","status-publish","hentry"],"aioseo_notices":[],"jetpack_sharing_enabled":true,"jetpack_shortlink":"https:\/\/wp.me\/P8NGpu-se","jetpack-related-posts":[],"jetpack_likes_enabled":true,"_links":{"self":[{"href":"https:\/\/scl-duemmer.de\/index.php?rest_route=\/wp\/v2\/pages\/1750","targetHints":{"allow":["GET"]}}],"collection":[{"href":"https:\/\/scl-duemmer.de\/index.php?rest_route=\/wp\/v2\/pages"}],"about":[{"href":"https:\/\/scl-duemmer.de\/index.php?rest_route=\/wp\/v2\/types\/page"}],"author":[{"embeddable":true,"href":"https:\/\/scl-duemmer.de\/index.php?rest_route=\/wp\/v2\/users\/3"}],"replies":[{"embeddable":true,"href":"https:\/\/scl-duemmer.de\/index.php?rest_route=%2Fwp%2Fv2%2Fcomments&post=1750"}],"version-history":[{"count":2,"href":"https:\/\/scl-duemmer.de\/index.php?rest_route=\/wp\/v2\/pages\/1750\/revisions"}],"predecessor-version":[{"id":2555,"href":"https:\/\/scl-duemmer.de\/index.php?rest_route=\/wp\/v2\/pages\/1750\/revisions\/2555"}],"wp:attachment":[{"href":"https:\/\/scl-duemmer.de\/index.php?rest_route=%2Fwp%2Fv2%2Fmedia&parent=1750"}],"curies":[{"name":"wp","href":"https:\/\/api.w.org\/{rel}","templated":true}]}}