{"id":129,"date":"2010-07-29T13:06:37","date_gmt":"2010-07-29T11:06:37","guid":{"rendered":"http:\/\/neu.scl-duemmer.de\/?page_id=129"},"modified":"2025-06-09T15:33:10","modified_gmt":"2025-06-09T13:33:10","slug":"mitgliedschaft","status":"publish","type":"page","link":"https:\/\/scl-duemmer.de\/?page_id=129","title":{"rendered":"Mitgliedschaft"},"content":{"rendered":"<p><span style=\"color: #000000;\"><span style=\"font-size: small;\"><span style=\"font-family: Tahoma;\"><strong>Wie wird man Mitglied im SCL?<\/strong><\/span><\/span><\/span><\/p>\n<p><span style=\"color: #000000;\"><span style=\"font-size: small;\"><span style=\"font-family: Tahoma;\">Einfach anrufen und nachfragen! <\/span><\/span><\/span><\/p>\n<p><span style=\"color: #000000;\"><span style=\"font-size: small;\"><span style=\"font-family: Tahoma;\">Der Club bietet eine eigene Hafenanlage, die mit Stromanschl\u00fcssen, Wasser, B\u00e4nken und diversen anderen M\u00f6glichkeiten zur geselligen Nutzung ausgestattet ist. Die Pl\u00e4tze in der Clubanlage werden von unserem Stegwart allj\u00e4hrlich verteilt. Neben den Wasserliegepl\u00e4tzen gibt es auch die M\u00f6glichkeit ein Schiff an Land abzustellen und bei Bedarf zu Wasser zu lassen.<\/span><\/span><\/span><\/p>\n<p>2018 wurde in unmittelbarer N\u00e4he zum Hafen und direkt am Ufer des Sees ein neues Betriebsgeb\u00e4ude errichtet.&nbsp;<\/p>\n<p><span style=\"color: #000000;\"><span style=\"font-size: small;\"><span style=\"font-family: Tahoma;\">Der Mitgliedschaft im SCL geht in der Regel ein Jahr Gastmitgliedschaft voraus. Danach entscheidet der Vorstand mit einfacher Mehrheit \u00fcber die Aufnahme. \u00dcber nette Menschen, die den Segelsport m\u00f6gen und unser Clubleben bereichern freuen wir uns nat\u00fcrlich immer. <\/span><\/span><\/span><\/p>\n<p><span style=\"color: #000000;\"><span style=\"font-size: small;\"><span style=\"font-family: Tahoma;\">Die Aufnahmegeb\u00fchr betr\u00e4gt zur Zeit 310,- Euro. Die Mitgliedschaft kostet f\u00fcr eine Familie 160 Euro im Jahr. Dazu kommt f\u00fcr das Vollmitglied die Mithilfe beim Stegaufbau (an einem Samstag im April f\u00fcr ca. 3 Stunden), ebenso der Stegabbau (im Oktober f\u00fcr ca. 3 Stunden) und an einem Wochenende in der Saison Dienst in unserem Clubhaus.<\/span><\/span><\/span><\/p>\n<p><span style=\"color: #000000;\"><span style=\"font-size: small;\"><span style=\"font-family: Tahoma;\">Aber sprechen wir lieber davon, was man f\u00fcr die Jahresgeb\u00fchr erh\u00e4lt: i.d.R. kostenlose Teilnahme an den im Jahresprogramm ausgewiesenen Veranstaltungen (bei einigen Terminen m\u00fcssen Getr\u00e4nke oder Essen selbst bezahlt werden); Interessenvertretung in der Interessengemeinschaft D\u00fcmmer und der Wettfahrtgemeinschaft D\u00fcmmer; Mitgliedschaft im Kreissportbund und Landessportbund und damit auch eine Versicherung \u00fcber die entsprechenden Gremien.<\/span><\/span><\/span><\/p>\n<p><span style=\"color: #000000;\"><span style=\"font-size: small;\"><span style=\"font-family: Tahoma;\">F\u00fcr jugendliche Mitglieder, Auszubildende und Studenten gelten niedrigere Beitr\u00e4ge. Jugendliche zahlen keine Aufnahmegeb\u00fchr.<\/span><\/span><\/span><\/p>\n<p><span style=\"font-size: small;\"><span style=\"font-family: Tahoma;\">Antrag auf Mitgliedschaft zum downloaden: &nbsp;<span style=\"font-family: georgia,palatino,serif; font-size: 12pt;\"><a href=\"https:\/\/scl-duemmer.de\/wp-content\/uploads\/2023\/10\/Antrag-Mitgliedschaft-blanko-ab-2022-Mai.pdf\">Antrag Mitgliedschaft-blanko ab 2022-Mai<\/a><\/span><\/span><\/span><\/p>\n<p>&nbsp;<\/p>\n","protected":false},"excerpt":{"rendered":"<p>Wie wird man Mitglied im SCL? Einfach anrufen und nachfragen! Der Club bietet eine eigene Hafenanlage, die mit Stromanschl\u00fcssen, Wasser, B\u00e4nken und diversen anderen M\u00f6glichkeiten zur geselligen Nutzung ausgestattet ist. Die Pl\u00e4tze in der Clubanlage werden von unserem Stegwart allj\u00e4hrlich<\/p>\n","protected":false},"author":3,"featured_media":0,"parent":0,"menu_order":0,"comment_status":"open","ping_status":"open","template":"","meta":{"_crdt_document":"","ngg_post_thumbnail":0,"jetpack_post_was_ever_published":false,"footnotes":""},"class_list":["post-129","page","type-page","status-publish","hentry"],"aioseo_notices":[],"jetpack_sharing_enabled":true,"jetpack_shortlink":"https:\/\/wp.me\/P8NGpu-25","jetpack-related-posts":[],"jetpack_likes_enabled":true,"_links":{"self":[{"href":"https:\/\/scl-duemmer.de\/index.php?rest_route=\/wp\/v2\/pages\/129","targetHints":{"allow":["GET"]}}],"collection":[{"href":"https:\/\/scl-duemmer.de\/index.php?rest_route=\/wp\/v2\/pages"}],"about":[{"href":"https:\/\/scl-duemmer.de\/index.php?rest_route=\/wp\/v2\/types\/page"}],"author":[{"embeddable":true,"href":"https:\/\/scl-duemmer.de\/index.php?rest_route=\/wp\/v2\/users\/3"}],"replies":[{"embeddable":true,"href":"https:\/\/scl-duemmer.de\/index.php?rest_route=%2Fwp%2Fv2%2Fcomments&post=129"}],"version-history":[{"count":1,"href":"https:\/\/scl-duemmer.de\/index.php?rest_route=\/wp\/v2\/pages\/129\/revisions"}],"predecessor-version":[{"id":2552,"href":"https:\/\/scl-duemmer.de\/index.php?rest_route=\/wp\/v2\/pages\/129\/revisions\/2552"}],"wp:attachment":[{"href":"https:\/\/scl-duemmer.de\/index.php?rest_route=%2Fwp%2Fv2%2Fmedia&parent=129"}],"curies":[{"name":"wp","href":"https:\/\/api.w.org\/{rel}","templated":true}]}}